{"id":1231,"date":"2022-06-22T12:33:40","date_gmt":"2022-06-22T09:33:40","guid":{"rendered":"https:\/\/www.geniusteknoloji.com\/?page_id=1231"},"modified":"2022-07-14T09:52:32","modified_gmt":"2022-07-14T06:52:32","slug":"content-management-services","status":"publish","type":"page","link":"https:\/\/www.geniusteknoloji.com\/en\/content-management-services\/","title":{"rendered":"Content Management Services"},"content":{"rendered":"\t\t<div data-elementor-type=\"wp-page\" data-elementor-id=\"1231\" class=\"elementor elementor-1231 elementor-1085\" data-elementor-post-type=\"page\">\n\t\t\t\t\t\t<section class=\"elementor-section elementor-top-section elementor-element elementor-element-9b80a20 elementor-section-full_width elementor-section-stretched elementor-reverse-mobile elementor-section-height-min-height elementor-section-height-default elementor-section-items-middle\" data-id=\"9b80a20\" data-element_type=\"section\" data-e-type=\"section\" data-settings=\"{&quot;stretch_section&quot;:&quot;section-stretched&quot;,&quot;background_background&quot;:&quot;classic&quot;}\">\n\t\t\t\t\t\t\t<div class=\"elementor-background-overlay\"><\/div>\n\t\t\t\t\t\t\t<div class=\"elementor-container elementor-column-gap-default\">\n\t\t\t\t\t<div class=\"elementor-column elementor-col-50 elementor-top-column elementor-element elementor-element-50804a6\" data-id=\"50804a6\" data-element_type=\"column\" data-e-type=\"column\">\n\t\t\t<div class=\"elementor-widget-wrap elementor-element-populated\">\n\t\t\t\t\t\t<div class=\"elementor-element elementor-element-363749f elementor-widget elementor-widget-heading\" data-id=\"363749f\" data-element_type=\"widget\" data-e-type=\"widget\" data-widget_type=\"heading.default\">\n\t\t\t\t<div class=\"elementor-widget-container\">\n\t\t\t\t\t<h1 class=\"elementor-heading-title elementor-size-default\">Content Management <\/br>Services<\/h1>\t\t\t\t<\/div>\n\t\t\t\t<\/div>\n\t\t\t\t\t<\/div>\n\t\t<\/div>\n\t\t\t\t<div class=\"elementor-column elementor-col-50 elementor-top-column elementor-element elementor-element-8b7b995\" data-id=\"8b7b995\" data-element_type=\"column\" data-e-type=\"column\">\n\t\t\t<div class=\"elementor-widget-wrap elementor-element-populated\">\n\t\t\t\t\t\t<div class=\"elementor-element elementor-element-47a03e8 elementor-widget elementor-widget-image\" data-id=\"47a03e8\" data-element_type=\"widget\" data-e-type=\"widget\" data-widget_type=\"image.default\">\n\t\t\t\t<div class=\"elementor-widget-container\">\n\t\t\t\t\t\t\t\t\t\t\t\t\t\t\t<img fetchpriority=\"high\" decoding=\"async\" width=\"750\" height=\"500\" src=\"https:\/\/www.geniusteknoloji.com\/wp-content\/uploads\/2022\/06\/genius-teknoloji-icerik-guncelleme.png\" class=\"attachment-large size-large wp-image-1227\" alt=\"\" srcset=\"https:\/\/www.geniusteknoloji.com\/wp-content\/uploads\/2022\/06\/genius-teknoloji-icerik-guncelleme.png 750w, https:\/\/www.geniusteknoloji.com\/wp-content\/uploads\/2022\/06\/genius-teknoloji-icerik-guncelleme-300x200.png 300w\" sizes=\"(max-width: 750px) 100vw, 750px\" \/>\t\t\t\t\t\t\t\t\t\t\t\t\t\t\t<\/div>\n\t\t\t\t<\/div>\n\t\t\t\t\t<\/div>\n\t\t<\/div>\n\t\t\t\t\t<\/div>\n\t\t<\/section>\n\t\t\t\t<section class=\"elementor-section elementor-top-section elementor-element elementor-element-bf2a027 elementor-section-stretched elementor-section-boxed elementor-section-height-default elementor-section-height-default\" data-id=\"bf2a027\" data-element_type=\"section\" data-e-type=\"section\" data-settings=\"{&quot;stretch_section&quot;:&quot;section-stretched&quot;,&quot;background_background&quot;:&quot;classic&quot;}\">\n\t\t\t\t\t\t<div class=\"elementor-container elementor-column-gap-wider\">\n\t\t\t\t\t<div class=\"elementor-column elementor-col-100 elementor-top-column elementor-element elementor-element-27c636d\" data-id=\"27c636d\" data-element_type=\"column\" data-e-type=\"column\">\n\t\t\t<div class=\"elementor-widget-wrap elementor-element-populated\">\n\t\t\t\t\t\t<div class=\"elementor-element elementor-element-86523c3 elementor-widget elementor-widget-text-editor\" data-id=\"86523c3\" data-element_type=\"widget\" data-e-type=\"widget\" data-widget_type=\"text-editor.default\">\n\t\t\t\t<div class=\"elementor-widget-container\">\n\t\t\t\t\t\t\t\t\t<p><strong>Content management<\/strong> has become an increasingly crucial issue for organizations and consumers as internet usage has increased.<\/p><p>To capture the attention of the target audience and boost engagement and communication chances, material on social media platforms and websites must be creative, up-to-date, and durable. Its written, visual, audio, and animated material is intended to inform.<\/p><p>Content management for users is established at the end of the authoring, design, presentation, and sharing stages. Content management, which is a long-term service, assists in gaining a competitive edge in the market.<\/p>\t\t\t\t\t\t\t\t<\/div>\n\t\t\t\t<\/div>\n\t\t\t\t\t<\/div>\n\t\t<\/div>\n\t\t\t\t\t<\/div>\n\t\t<\/section>\n\t\t\t\t<section class=\"elementor-section elementor-top-section elementor-element elementor-element-b7b7271 elementor-section-full_width elementor-section-height-default elementor-section-height-default\" data-id=\"b7b7271\" data-element_type=\"section\" data-e-type=\"section\">\n\t\t\t\t\t\t<div class=\"elementor-container elementor-column-gap-default\">\n\t\t\t\t\t<div class=\"elementor-column elementor-col-100 elementor-top-column elementor-element elementor-element-be35612\" data-id=\"be35612\" data-element_type=\"column\" data-e-type=\"column\">\n\t\t\t<div class=\"elementor-widget-wrap elementor-element-populated\">\n\t\t\t\t\t\t<div class=\"elementor-element elementor-element-ee92c81 elementor-widget elementor-widget-heading\" data-id=\"ee92c81\" data-element_type=\"widget\" data-e-type=\"widget\" data-widget_type=\"heading.default\">\n\t\t\t\t<div class=\"elementor-widget-container\">\n\t\t\t\t\t<h2 class=\"elementor-heading-title elementor-size-default\">Genius Digital Marketing Content Management Services<\/h2>\t\t\t\t<\/div>\n\t\t\t\t<\/div>\n\t\t\t\t\t<\/div>\n\t\t<\/div>\n\t\t\t\t\t<\/div>\n\t\t<\/section>\n\t\t\t\t<section class=\"elementor-section elementor-top-section elementor-element elementor-element-694a178 elementor-section-boxed elementor-section-height-default elementor-section-height-default\" data-id=\"694a178\" data-element_type=\"section\" data-e-type=\"section\">\n\t\t\t\t\t\t<div class=\"elementor-container elementor-column-gap-default\">\n\t\t\t\t\t<div class=\"elementor-column elementor-col-100 elementor-top-column elementor-element elementor-element-d368e84\" data-id=\"d368e84\" data-element_type=\"column\" data-e-type=\"column\">\n\t\t\t<div class=\"elementor-widget-wrap elementor-element-populated\">\n\t\t\t\t\t\t<section class=\"elementor-section elementor-inner-section elementor-element elementor-element-cc137cb elementor-section-boxed elementor-section-height-default elementor-section-height-default\" data-id=\"cc137cb\" data-element_type=\"section\" data-e-type=\"section\">\n\t\t\t\t\t\t<div class=\"elementor-container elementor-column-gap-default\">\n\t\t\t\t\t<div class=\"elementor-column elementor-col-100 elementor-inner-column elementor-element elementor-element-76f4601\" data-id=\"76f4601\" data-element_type=\"column\" data-e-type=\"column\">\n\t\t\t<div class=\"elementor-widget-wrap elementor-element-populated\">\n\t\t\t\t\t\t<div class=\"elementor-element elementor-element-3d128f2 elementor-widget elementor-widget-image\" data-id=\"3d128f2\" data-element_type=\"widget\" data-e-type=\"widget\" data-widget_type=\"image.default\">\n\t\t\t\t<div class=\"elementor-widget-container\">\n\t\t\t\t\t\t\t\t\t\t\t\t\t\t\t<img decoding=\"async\" width=\"750\" height=\"500\" src=\"https:\/\/www.geniusteknoloji.com\/wp-content\/uploads\/2022\/06\/genius-teknoloji-icerik-analizi.png\" class=\"attachment-large size-large wp-image-1226\" alt=\"\" srcset=\"https:\/\/www.geniusteknoloji.com\/wp-content\/uploads\/2022\/06\/genius-teknoloji-icerik-analizi.png 750w, https:\/\/www.geniusteknoloji.com\/wp-content\/uploads\/2022\/06\/genius-teknoloji-icerik-analizi-300x200.png 300w\" sizes=\"(max-width: 750px) 100vw, 750px\" \/>\t\t\t\t\t\t\t\t\t\t\t\t\t\t\t<\/div>\n\t\t\t\t<\/div>\n\t\t\t\t<div class=\"elementor-element elementor-element-97407b4 elementor-widget-divider--view-line_text elementor-widget-divider--element-align-center elementor-widget elementor-widget-divider\" data-id=\"97407b4\" data-element_type=\"widget\" data-e-type=\"widget\" data-widget_type=\"divider.default\">\n\t\t\t\t<div class=\"elementor-widget-container\">\n\t\t\t\t\t\t\t<div class=\"elementor-divider\">\n\t\t\t<span class=\"elementor-divider-separator\">\n\t\t\t\t\t\t\t<span class=\"elementor-divider__text elementor-divider__element\">\n\t\t\t\t1\t\t\t\t<\/span>\n\t\t\t\t\t\t<\/span>\n\t\t<\/div>\n\t\t\t\t\t\t<\/div>\n\t\t\t\t<\/div>\n\t\t\t\t\t<\/div>\n\t\t<\/div>\n\t\t\t\t\t<\/div>\n\t\t<\/section>\n\t\t\t\t<div class=\"elementor-element elementor-element-131df2a elementor-widget elementor-widget-text-editor\" data-id=\"131df2a\" data-element_type=\"widget\" data-e-type=\"widget\" data-widget_type=\"text-editor.default\">\n\t\t\t\t<div class=\"elementor-widget-container\">\n\t\t\t\t\t\t\t\t\t<h4><strong>Content Design Project Analysis and Interview Process<\/strong><\/h4><div class=\"desc\"><p>We initially conduct an interview with you to better understand your requirements and desires on the issue. By alerting you about <strong>content planning<\/strong> and other procedures, we give thorough information. In this regard, in order to develop an effective strategic strategy, we first assess your website and do the required evaluations and analyses.<\/p><\/div>\t\t\t\t\t\t\t\t<\/div>\n\t\t\t\t<\/div>\n\t\t\t\t<section class=\"elementor-section elementor-inner-section elementor-element elementor-element-c810d77 elementor-section-boxed elementor-section-height-default elementor-section-height-default\" data-id=\"c810d77\" data-element_type=\"section\" data-e-type=\"section\">\n\t\t\t\t\t\t<div class=\"elementor-container elementor-column-gap-default\">\n\t\t\t\t\t<div class=\"elementor-column elementor-col-100 elementor-inner-column elementor-element elementor-element-0cbef3a\" data-id=\"0cbef3a\" data-element_type=\"column\" data-e-type=\"column\">\n\t\t\t<div class=\"elementor-widget-wrap elementor-element-populated\">\n\t\t\t\t\t\t<div class=\"elementor-element elementor-element-2c9779d elementor-widget elementor-widget-image\" data-id=\"2c9779d\" data-element_type=\"widget\" data-e-type=\"widget\" data-widget_type=\"image.default\">\n\t\t\t\t<div class=\"elementor-widget-container\">\n\t\t\t\t\t\t\t\t\t\t\t\t\t\t\t<img fetchpriority=\"high\" decoding=\"async\" width=\"750\" height=\"500\" src=\"https:\/\/www.geniusteknoloji.com\/wp-content\/uploads\/2022\/06\/genius-teknoloji-icerik-guncelleme.png\" class=\"attachment-large size-large wp-image-1227\" alt=\"\" srcset=\"https:\/\/www.geniusteknoloji.com\/wp-content\/uploads\/2022\/06\/genius-teknoloji-icerik-guncelleme.png 750w, https:\/\/www.geniusteknoloji.com\/wp-content\/uploads\/2022\/06\/genius-teknoloji-icerik-guncelleme-300x200.png 300w\" sizes=\"(max-width: 750px) 100vw, 750px\" \/>\t\t\t\t\t\t\t\t\t\t\t\t\t\t\t<\/div>\n\t\t\t\t<\/div>\n\t\t\t\t<div class=\"elementor-element elementor-element-3fd44c3 elementor-widget-divider--view-line_text elementor-widget-divider--element-align-center elementor-widget elementor-widget-divider\" data-id=\"3fd44c3\" data-element_type=\"widget\" data-e-type=\"widget\" data-widget_type=\"divider.default\">\n\t\t\t\t<div class=\"elementor-widget-container\">\n\t\t\t\t\t\t\t<div class=\"elementor-divider\">\n\t\t\t<span class=\"elementor-divider-separator\">\n\t\t\t\t\t\t\t<span class=\"elementor-divider__text elementor-divider__element\">\n\t\t\t\t2\t\t\t\t<\/span>\n\t\t\t\t\t\t<\/span>\n\t\t<\/div>\n\t\t\t\t\t\t<\/div>\n\t\t\t\t<\/div>\n\t\t\t\t<div class=\"elementor-element elementor-element-48ac8cb elementor-widget elementor-widget-text-editor\" data-id=\"48ac8cb\" data-element_type=\"widget\" data-e-type=\"widget\" data-widget_type=\"text-editor.default\">\n\t\t\t\t<div class=\"elementor-widget-container\">\n\t\t\t\t\t\t\t\t\t<h4><strong>Content Updating<\/strong><\/h4><div class=\"desc\"><p>We evaluate the applicability of the current blog post and material on your website. To boost <a href=\"https:\/\/www.geniusteknoloji.com\/en\/seo-search-engine-optimization\/\">SEO<\/a> performance, we concentrate on correcting spelling, spelling, and expression problems in the text. We do competitive analysis and update material as needed. Yaln\u0131zca metin olarak de\u011fil uygun g\u00f6rsellerle de daha \u00f6zg\u00fcn ve yenilik\u00e7i bilgiler yarat\u0131lmas\u0131n\u0131 destekleyerek, geli\u015fim s\u00fcrecine katk\u0131 sa\u011fl\u0131yoruz.<\/p><\/div>\t\t\t\t\t\t\t\t<\/div>\n\t\t\t\t<\/div>\n\t\t\t\t\t<\/div>\n\t\t<\/div>\n\t\t\t\t\t<\/div>\n\t\t<\/section>\n\t\t\t\t<section class=\"elementor-section elementor-inner-section elementor-element elementor-element-715df65 elementor-section-boxed elementor-section-height-default elementor-section-height-default\" data-id=\"715df65\" data-element_type=\"section\" data-e-type=\"section\">\n\t\t\t\t\t\t<div class=\"elementor-container elementor-column-gap-default\">\n\t\t\t\t\t<div class=\"elementor-column elementor-col-100 elementor-inner-column elementor-element elementor-element-b8e8c2f\" data-id=\"b8e8c2f\" data-element_type=\"column\" data-e-type=\"column\">\n\t\t\t<div class=\"elementor-widget-wrap elementor-element-populated\">\n\t\t\t\t\t\t<div class=\"elementor-element elementor-element-3647f16 elementor-widget elementor-widget-image\" data-id=\"3647f16\" data-element_type=\"widget\" data-e-type=\"widget\" data-widget_type=\"image.default\">\n\t\t\t\t<div class=\"elementor-widget-container\">\n\t\t\t\t\t\t\t\t\t\t\t\t\t\t\t<img decoding=\"async\" width=\"750\" height=\"500\" src=\"https:\/\/www.geniusteknoloji.com\/wp-content\/uploads\/2022\/06\/genius-teknoloji-icerik-yazarligi.png\" class=\"attachment-large size-large wp-image-1228\" alt=\"\" srcset=\"https:\/\/www.geniusteknoloji.com\/wp-content\/uploads\/2022\/06\/genius-teknoloji-icerik-yazarligi.png 750w, https:\/\/www.geniusteknoloji.com\/wp-content\/uploads\/2022\/06\/genius-teknoloji-icerik-yazarligi-300x200.png 300w\" sizes=\"(max-width: 750px) 100vw, 750px\" \/>\t\t\t\t\t\t\t\t\t\t\t\t\t\t\t<\/div>\n\t\t\t\t<\/div>\n\t\t\t\t<div class=\"elementor-element elementor-element-c6e2a29 elementor-widget-divider--view-line_text elementor-widget-divider--element-align-center elementor-widget elementor-widget-divider\" data-id=\"c6e2a29\" data-element_type=\"widget\" data-e-type=\"widget\" data-widget_type=\"divider.default\">\n\t\t\t\t<div class=\"elementor-widget-container\">\n\t\t\t\t\t\t\t<div class=\"elementor-divider\">\n\t\t\t<span class=\"elementor-divider-separator\">\n\t\t\t\t\t\t\t<span class=\"elementor-divider__text elementor-divider__element\">\n\t\t\t\t3\t\t\t\t<\/span>\n\t\t\t\t\t\t<\/span>\n\t\t<\/div>\n\t\t\t\t\t\t<\/div>\n\t\t\t\t<\/div>\n\t\t\t\t<div class=\"elementor-element elementor-element-461c416 elementor-widget elementor-widget-text-editor\" data-id=\"461c416\" data-element_type=\"widget\" data-e-type=\"widget\" data-widget_type=\"text-editor.default\">\n\t\t\t\t<div class=\"elementor-widget-container\">\n\t\t\t\t\t\t\t\t\t<h4><strong>Writing, Presentation, and Approval of Content<\/strong><\/h4><div class=\"desc\"><p>We want to develop material that is appropriate for your brand image and target audience on websites where content creation is being planned for the first time. We provide content management services <strong>with SEO-appropriate code<\/strong> to help your website acquire value in search engines. We provide the software scheme and material that we have carefully prepared for your approval in order to achieve your recognition. We take the required measures to publish it after it has been approved.<\/p><\/div>\t\t\t\t\t\t\t\t<\/div>\n\t\t\t\t<\/div>\n\t\t\t\t\t<\/div>\n\t\t<\/div>\n\t\t\t\t\t<\/div>\n\t\t<\/section>\n\t\t\t\t<section class=\"elementor-section elementor-inner-section elementor-element elementor-element-04cbc02 elementor-section-boxed elementor-section-height-default elementor-section-height-default\" data-id=\"04cbc02\" data-element_type=\"section\" data-e-type=\"section\">\n\t\t\t\t\t\t<div class=\"elementor-container elementor-column-gap-default\">\n\t\t\t\t\t<div class=\"elementor-column elementor-col-100 elementor-inner-column elementor-element elementor-element-9f27da2\" data-id=\"9f27da2\" data-element_type=\"column\" data-e-type=\"column\">\n\t\t\t<div class=\"elementor-widget-wrap elementor-element-populated\">\n\t\t\t\t\t\t<div class=\"elementor-element elementor-element-a9506e6 elementor-widget elementor-widget-image\" data-id=\"a9506e6\" data-element_type=\"widget\" data-e-type=\"widget\" data-widget_type=\"image.default\">\n\t\t\t\t<div class=\"elementor-widget-container\">\n\t\t\t\t\t\t\t\t\t\t\t\t\t\t\t<img loading=\"lazy\" decoding=\"async\" width=\"750\" height=\"500\" src=\"https:\/\/www.geniusteknoloji.com\/wp-content\/uploads\/2022\/06\/genius-teknoloji-icerik-yonetimi.png\" class=\"attachment-large size-large wp-image-1229\" alt=\"\" srcset=\"https:\/\/www.geniusteknoloji.com\/wp-content\/uploads\/2022\/06\/genius-teknoloji-icerik-yonetimi.png 750w, https:\/\/www.geniusteknoloji.com\/wp-content\/uploads\/2022\/06\/genius-teknoloji-icerik-yonetimi-300x200.png 300w\" sizes=\"(max-width: 750px) 100vw, 750px\" \/>\t\t\t\t\t\t\t\t\t\t\t\t\t\t\t<\/div>\n\t\t\t\t<\/div>\n\t\t\t\t<div class=\"elementor-element elementor-element-9b74615 elementor-widget-divider--view-line_text elementor-widget-divider--element-align-center elementor-widget elementor-widget-divider\" data-id=\"9b74615\" data-element_type=\"widget\" data-e-type=\"widget\" data-widget_type=\"divider.default\">\n\t\t\t\t<div class=\"elementor-widget-container\">\n\t\t\t\t\t\t\t<div class=\"elementor-divider\">\n\t\t\t<span class=\"elementor-divider-separator\">\n\t\t\t\t\t\t\t<span class=\"elementor-divider__text elementor-divider__element\">\n\t\t\t\t4\t\t\t\t<\/span>\n\t\t\t\t\t\t<\/span>\n\t\t<\/div>\n\t\t\t\t\t\t<\/div>\n\t\t\t\t<\/div>\n\t\t\t\t<div class=\"elementor-element elementor-element-88aaaf7 elementor-widget elementor-widget-text-editor\" data-id=\"88aaaf7\" data-element_type=\"widget\" data-e-type=\"widget\" data-widget_type=\"text-editor.default\">\n\t\t\t\t<div class=\"elementor-widget-container\">\n\t\t\t\t\t\t\t\t\t<h4><strong>Analysis of Interaction and Content Delivery<\/strong><\/h4><div class=\"desc\"><p>We finish the service plan that was prepared after the changes and designs were carried out in accordance with current design trends. Following this content management solution for website building, we execute the essential infrastructure configurations. We examine the scenario by examining the interaction that occurs after the sharing is completed. With these analyses, you may precisely monitor the evolution of brand value. You may also use it to develop a useful resource for future material.<\/p><\/div>\t\t\t\t\t\t\t\t<\/div>\n\t\t\t\t<\/div>\n\t\t\t\t\t<\/div>\n\t\t<\/div>\n\t\t\t\t\t<\/div>\n\t\t<\/section>\n\t\t\t\t\t<\/div>\n\t\t<\/div>\n\t\t\t\t\t<\/div>\n\t\t<\/section>\n\t\t\t\t<section class=\"elementor-section elementor-top-section elementor-element elementor-element-eb4dc5b elementor-section-full_width elementor-section-height-default elementor-section-height-default\" data-id=\"eb4dc5b\" data-element_type=\"section\" data-e-type=\"section\">\n\t\t\t\t\t\t<div class=\"elementor-container elementor-column-gap-default\">\n\t\t\t\t\t<div class=\"elementor-column elementor-col-100 elementor-top-column elementor-element elementor-element-bf7ad0e\" data-id=\"bf7ad0e\" data-element_type=\"column\" data-e-type=\"column\">\n\t\t\t<div class=\"elementor-widget-wrap elementor-element-populated\">\n\t\t\t\t\t\t<div class=\"elementor-element elementor-element-1d88586 elementor-widget-divider--view-line elementor-widget elementor-widget-divider\" data-id=\"1d88586\" data-element_type=\"widget\" data-e-type=\"widget\" data-widget_type=\"divider.default\">\n\t\t\t\t<div class=\"elementor-widget-container\">\n\t\t\t\t\t\t\t<div class=\"elementor-divider\">\n\t\t\t<span class=\"elementor-divider-separator\">\n\t\t\t\t\t\t<\/span>\n\t\t<\/div>\n\t\t\t\t\t\t<\/div>\n\t\t\t\t<\/div>\n\t\t\t\t\t<\/div>\n\t\t<\/div>\n\t\t\t\t\t<\/div>\n\t\t<\/section>\n\t\t\t\t<section class=\"elementor-section elementor-top-section elementor-element elementor-element-0a3ee21 elementor-section-boxed elementor-section-height-default elementor-section-height-default\" data-id=\"0a3ee21\" data-element_type=\"section\" data-e-type=\"section\">\n\t\t\t\t\t\t<div class=\"elementor-container elementor-column-gap-default\">\n\t\t\t\t\t<div class=\"elementor-column elementor-col-100 elementor-top-column elementor-element elementor-element-6e5fd63\" data-id=\"6e5fd63\" data-element_type=\"column\" data-e-type=\"column\">\n\t\t\t<div class=\"elementor-widget-wrap elementor-element-populated\">\n\t\t\t\t\t\t<div class=\"elementor-element elementor-element-df4e986 elementor-widget elementor-widget-heading\" data-id=\"df4e986\" data-element_type=\"widget\" data-e-type=\"widget\" data-widget_type=\"heading.default\">\n\t\t\t\t<div class=\"elementor-widget-container\">\n\t\t\t\t\t<h2 class=\"elementor-heading-title elementor-size-default\">Why should you choose Genius Digital Marketing Content Management Service?<\/h2>\t\t\t\t<\/div>\n\t\t\t\t<\/div>\n\t\t\t\t<div class=\"elementor-element elementor-element-c18ed93 elementor-widget elementor-widget-text-editor\" data-id=\"c18ed93\" data-element_type=\"widget\" data-e-type=\"widget\" data-widget_type=\"text-editor.default\">\n\t\t\t\t<div class=\"elementor-widget-container\">\n\t\t\t\t\t\t\t\t\t<p>We provide a complete content management solution that will help you stand out on digital platforms while taking your brand&#8217;s expectations and needs into mind. We carefully assess the present state and future expectations of the brand as a result of the interviews since we know that each of our clients may have distinct demands and wants. As a consequence of our analyses, we are aiming to improve the user experience and brand image by offering effective solutions. We are delighted to be a part of your success by assisting our customers with content management.<\/p><p>Our Basic Content Management Process Building Blocks;<\/p><ul><li>In-depth industry and competition research<\/li><li>Effective solutions created using cutting-edge technology<\/li><li>Comprehensive SEO analysis<\/li><li>Keyword-friendly content creation<\/li><\/ul><p>\u00a0<\/p><p>You can <a href=\"https:\/\/www.geniusteknoloji.com\/en\/contact-us\/\">contact us<\/a> to take advantage of our services.<\/p><ul><li style=\"list-style-type: none;\">\u00a0<\/li><\/ul>\t\t\t\t\t\t\t\t<\/div>\n\t\t\t\t<\/div>\n\t\t\t\t\t<\/div>\n\t\t<\/div>\n\t\t\t\t\t<\/div>\n\t\t<\/section>\n\t\t\t\t<\/div>\n\t\t","protected":false},"excerpt":{"rendered":"<p>Content Management Services Content management has become an increasingly crucial issue for organizations and consumers as internet usage has increased. To capture the attention of the target audience and boost engagement and communication chances, material on social media platforms and websites must be creative, up-to-date, and durable. Its written, visual, audio, and animated material is [&hellip;]<\/p>\n","protected":false},"author":2,"featured_media":1227,"parent":0,"menu_order":0,"comment_status":"closed","ping_status":"closed","template":"","meta":{"footnotes":""},"class_list":["post-1231","page","type-page","status-publish","has-post-thumbnail","hentry"],"_links":{"self":[{"href":"https:\/\/www.geniusteknoloji.com\/en\/wp-json\/wp\/v2\/pages\/1231","targetHints":{"allow":["GET"]}}],"collection":[{"href":"https:\/\/www.geniusteknoloji.com\/en\/wp-json\/wp\/v2\/pages"}],"about":[{"href":"https:\/\/www.geniusteknoloji.com\/en\/wp-json\/wp\/v2\/types\/page"}],"author":[{"embeddable":true,"href":"https:\/\/www.geniusteknoloji.com\/en\/wp-json\/wp\/v2\/users\/2"}],"replies":[{"embeddable":true,"href":"https:\/\/www.geniusteknoloji.com\/en\/wp-json\/wp\/v2\/comments?post=1231"}],"version-history":[{"count":0,"href":"https:\/\/www.geniusteknoloji.com\/en\/wp-json\/wp\/v2\/pages\/1231\/revisions"}],"wp:featuredmedia":[{"embeddable":true,"href":"https:\/\/www.geniusteknoloji.com\/en\/wp-json\/wp\/v2\/media\/1227"}],"wp:attachment":[{"href":"https:\/\/www.geniusteknoloji.com\/en\/wp-json\/wp\/v2\/media?parent=1231"}],"curies":[{"name":"wp","href":"https:\/\/api.w.org\/{rel}","templated":true}]}}